{"id":78,"date":"2020-10-07T13:59:52","date_gmt":"2020-10-07T13:59:52","guid":{"rendered":"https:\/\/viana.carmelitas.pt\/?page_id=78"},"modified":"2025-09-22T15:24:10","modified_gmt":"2025-09-22T15:24:10","slug":"ano-pastoral","status":"publish","type":"page","link":"https:\/\/viana.carmelitas.pt\/?page_id=78","title":{"rendered":"ANO PASTORAL 2025-2026"},"content":{"rendered":"\n<p>No arranque do novo ano pastoral, os Carmelitas Descal\u00e7os, do Convento do Carmo de Viana do Castelo promovem encontros de Pastoral B\u00edblica e de Espiritualidade, que pretendem despertar os participantes para o encontro com Deus.<br><\/p>\n\n\n\n<p>11 de outubro de 2025 &#8211; <strong>Jornada de espiritualidade <\/strong>\u201cOra\u00e7\u00e3o, caminho da Esperan\u00e7a\u201d.<br>Orienta: Frei Nuno Pereira | <strong>Local: <\/strong>Convento do Carmo | Viana do Castelo| 09h00-16h00<\/p>\n\n\n\n<p>20 de outubro de 2025 \u2013 <strong>Encontro b\u00edblico <\/strong>\u201cA Estrutura do Evangelho de S. Mateus\u201d.<br>Orienta: Frei Carlos Eduardo | <strong>Local: <\/strong>Convento do Carmo | Viana do Castelo| 21h00-22h00<\/p>\n\n\n\n<p>21 de outubro de 2025 &#8211; <strong>Escola de Ora\u00e7\u00e3o <\/strong>\u201cS. Jo\u00e3o da Cruz, Mestre Espiritual\u201d.<br>Orienta: Frei Nuno Pereira | <strong>Local: <\/strong>Convento do Carmo | Viana do Castelo| 21h00-22h00<\/p>\n\n\n\n<p>5 de novembro de 2025 &#8211; <strong>Escola de Ora\u00e7\u00e3o <\/strong>\u201cDitos de Luz e Amor\u201d.<br>Orienta: Frei Carlos Eduardo | <strong>Local: <\/strong>Convento do Carmo | Viana do Castelo| 21h00-22h00<\/p>\n\n\n\n<p>10 de novembro de 2025 \u2013 <strong>Encontro b\u00edblico<\/strong> \u201cEvangelho da inf\u00e2ncia\u00bb<br>Orienta: Frei Marco Caldas | <strong>Local: <\/strong>Convento do Carmo | Viana do Castelo| 21h00-22h00<\/p>\n\n\n\n<p>22 de novembro de 2026 \u2013 <strong>Retiro de Advento<\/strong> \u201cDar tudo pelo Tudo\u201d.<br>Orienta: Frei Marco Caldas | <strong>Local: <\/strong>Convento do Carmo | Viana do Castelo| 9h00-16h00<\/p>\n\n\n\n<p>5 -8 dezembro de 2025 &#8211; <strong>Encontro Ib\u00e9rico de Ora\u00e7\u00e3o<\/strong> | <strong>Local: <\/strong>Seg\u00f3via- Espanha<\/p>\n\n\n\n<p>15 de dezembro de 2026 &#8211; <strong>Encontro B\u00edblico<\/strong> \u201cAn\u00fancio do Reino de Deus\u201d.<br>Orienta: Frei Carlos Eduardo. <strong>Local: <\/strong>Convento do Carmo | Viana do Castelo| 21h00-22h00<\/p>\n\n\n\n<p>17 de dezembro de 2025 &#8211; <strong>Escola de Ora\u00e7\u00e3o <\/strong>\u201cAs Cautelas\u201d.<br>Orienta: Frei Nuno Pereira | <strong>Local: <\/strong>Convento do Carmo | Viana do Castelo| 21h00-22h00<\/p>\n\n\n\n<p>7 de janeiro de 2026 &#8211; <strong>Escola de Ora\u00e7\u00e3o <\/strong>\u201cRomances do Santo\u201d.<br>Orienta: Frei Carlos Eduardo | <strong>Local: <\/strong>Convento do Carmo | Viana do Castelo| 21h00-22h00<\/p>\n\n\n\n<p>12 de janeiro de 2026 &#8211; <strong>Encontro b\u00edblico<\/strong>  \u201cMinist\u00e9rio da Galileia a Jerusal\u00e9m\u201d.<br>Orienta: Frei Marco Caldas | <strong>Local: <\/strong>Convento do Carmo | Viana do Castelo| 21h00-22h00<\/p>\n\n\n\n<p>4 de fevereiro de 2026 &#8211; <strong>Escola de Ora\u00e7\u00e3o <\/strong>\u201cNoite Escura\u201d.<br>Orienta: Frei Nuno Pereira | <strong>Local: <\/strong>Convento do Carmo | Viana do Castelo| 21h00-22h00<\/p>\n\n\n\n<p>9 de fevereiro de 2026 \u2013 <strong>Encontro b\u00edblico<\/strong>  \u201cAs par\u00e1bolas do Reino&#8221;.<br>Orienta: Frei Carlos Eduardo | <strong>Local: <\/strong>Convento do Carmo | Viana do Castelo| 21h00-22h00<\/p>\n\n\n\n<p>14 de fevereiro de 2026 \u2013 <strong>Retiro de Quaresma<\/strong> &#8220;Quaresma, caminho da liberta\u00e7\u00e3o\u201d.<br>Orienta: Frei Agostinho Castro | <strong>Local: <\/strong>Convento do Carmo | Viana do Castelo| 9h00-16h00<\/p>\n\n\n\n<p>6 -8 mar\u00e7o de 2026 &#8211; <strong>Encontro Ib\u00e9rico de Ora\u00e7\u00e3o<\/strong> |  <strong>Local: <\/strong>\u00c1vila- Espanha<\/p>\n\n\n\n<p>9 de mar\u00e7o de 2026 \u2013 <strong>Encontro b\u00edblico<\/strong>  \u201cDiscurso Eclesiol\u00f3gico\u201d.<br>Orienta: Frei Marco Caldas | <strong>Local: <\/strong>Convento do Carmo | Viana do Castelo| 21h00-22h00<\/p>\n\n\n\n<p>18 de mar\u00e7o de 2026 &#8211; <strong>Escola de Ora\u00e7\u00e3o <\/strong>\u201cSubida do Monte Carmelo\u201d.<br>Orienta: Frei Carlos Eduardo | <strong>Local: <\/strong>Convento do Carmo | Viana do Castelo| 21h00-22h00<\/p>\n\n\n\n<p>1 de abril de 2026 &#8211; <strong>Escola de Ora\u00e7\u00e3o <\/strong>\u201cC\u00e2ntico Espiritual\u201d.<br>Orienta: Frei Nuno Pereira | <strong>Local: <\/strong>Convento do Carmo | Viana do Castelo| 21h00-22h00<\/p>\n\n\n\n<p>13 de abril de 2026 \u2013 <strong>Encontro b\u00edblico <\/strong>\u201cMinist\u00e9rio de Jesus em Jerusal\u00e9m\u201d.<br>Orienta: Frei Carlos Eduardo | <strong>Local: <\/strong>Convento do Carmo | Viana do Castelo| 21h00-22h00<\/p>\n\n\n\n<p>6 de maio de 2026 &#8211; <strong>Escola de Ora\u00e7\u00e3o <\/strong>\u201cChama de amor Viva\u201d.<br>Orienta: Frei Carlos Eduardo | <strong>Local: <\/strong>Convento do Carmo | Viana do Castelo| 21h00-22h00<\/p>\n\n\n\n<p>11 de maio de 2026 \u2013 <strong>Encontro b\u00edblico <\/strong>\u201cPaix\u00e3o e morte de Jesus\u201d.<br>Orienta: Frei Marco Caldas | <strong>Local: <\/strong>Convento do Carmo | Viana do Castelo| 21h00-22h00<\/p>\n\n\n\n<p>3 de junho de 2026 &#8211; <strong>Escola de Ora\u00e7\u00e3o <\/strong>\u201cPoesias e outros escritos \u201d.<br>Orienta: Frei Nuno Pereira | <strong>Local: <\/strong>Convento do Carmo | Viana do Castelo| 21h00-22h00<\/p>\n\n\n\n<p>3 -5 junho de 2026 &#8211; <strong>Encontro Ib\u00e9rico de Ora\u00e7\u00e3o<\/strong> | <strong>Local: <\/strong>F\u00e1tima &#8211; Portugal<\/p>\n\n\n\n<p>8 de junho de 2026 \u2013 <strong>Encontro b\u00edblico<\/strong>  \u201cA Boa-Nova da Ressurrei\u00e7\u00e3o\u201d. <br>Orienta: Frei Carlos Eduardo | <strong>Local: <\/strong>Convento do Carmo | Viana do Castelo| 21h00- 22h00<\/p>\n\n\n\n<p>7 a 15 de julho de 2025 <strong>\u2013 NOVENA <\/strong>Nossa Senhora do Carmo | 21h00<\/p>\n\n\n\n<p><\/p>\n","protected":false},"excerpt":{"rendered":"<p>No arranque do novo ano pastoral, os Carmelitas Descal\u00e7os, do Convento do Carmo de Viana do Castelo promovem encontros de Pastoral B\u00edblica e de Espiritualidade,<\/p>\n","protected":false},"author":1,"featured_media":0,"parent":0,"menu_order":0,"comment_status":"closed","ping_status":"closed","template":"","meta":{"footnotes":""},"class_list":["post-78","page","type-page","status-publish","hentry"],"_links":{"self":[{"href":"https:\/\/viana.carmelitas.pt\/index.php?rest_route=\/wp\/v2\/pages\/78","targetHints":{"allow":["GET"]}}],"collection":[{"href":"https:\/\/viana.carmelitas.pt\/index.php?rest_route=\/wp\/v2\/pages"}],"about":[{"href":"https:\/\/viana.carmelitas.pt\/index.php?rest_route=\/wp\/v2\/types\/page"}],"author":[{"embeddable":true,"href":"https:\/\/viana.carmelitas.pt\/index.php?rest_route=\/wp\/v2\/users\/1"}],"replies":[{"embeddable":true,"href":"https:\/\/viana.carmelitas.pt\/index.php?rest_route=%2Fwp%2Fv2%2Fcomments&post=78"}],"version-history":[{"count":19,"href":"https:\/\/viana.carmelitas.pt\/index.php?rest_route=\/wp\/v2\/pages\/78\/revisions"}],"predecessor-version":[{"id":1410,"href":"https:\/\/viana.carmelitas.pt\/index.php?rest_route=\/wp\/v2\/pages\/78\/revisions\/1410"}],"wp:attachment":[{"href":"https:\/\/viana.carmelitas.pt\/index.php?rest_route=%2Fwp%2Fv2%2Fmedia&parent=78"}],"curies":[{"name":"wp","href":"https:\/\/api.w.org\/{rel}","templated":true}]}}