{"id":9,"date":"2020-09-25T09:54:18","date_gmt":"2020-09-25T09:54:18","guid":{"rendered":"https:\/\/viana.carmelitas.pt\/?page_id=9"},"modified":"2026-03-19T17:53:26","modified_gmt":"2026-03-19T17:53:26","slug":"about","status":"publish","type":"page","link":"https:\/\/viana.carmelitas.pt\/?page_id=9","title":{"rendered":"Comunidade \u00abCarmelitas Descal\u00e7os\u00bb"},"content":{"rendered":"\n<p><\/p>\n\n\n\n<p class=\"has-black-color has-text-color\"><strong>Tri\u00e9nio 2023 &#8211; 2026 <\/strong><br>Frei Nuno Pereira<br>Frei Agostinho Castro<a href=\"http:\/\/www.carmelitas.pt\/site\/padres\/castro.php\" target=\"_blank\" rel=\"noreferrer noopener\"><mark style=\"background-color:rgba(0, 0, 0, 0)\" class=\"has-inline-color has-primary-color\"><br><\/mark><\/a>Frei Silvino Filipe<a href=\"http:\/\/www.carmelitas.pt\/site\/padres\/maciel.php\" target=\"_blank\" rel=\"noreferrer noopener\"><mark style=\"background-color:rgba(0, 0, 0, 0)\" class=\"has-inline-color has-primary-color\"><br><\/mark><\/a>Frei Marco Caldas<a href=\"http:\/\/www.carmelitas.pt\/site\/padres\/marco.php\" target=\"_blank\" rel=\"noreferrer noopener\"><mark style=\"background-color:rgba(0, 0, 0, 0)\" class=\"has-inline-color has-primary-color\"><br><\/mark><\/a><br><strong>Dispon\u00edveis para escuta e acompanhamento Espiritual<\/strong><\/p>\n\n\n\n<p>O ser escutado \u00e9 uma necessidade hoje, existencial e espiritual. A comunidade carmelitas disponibiliza-se a uma escuta ativa de pessoas que atravessem momentos dif\u00edceis, como doen\u00e7as, solid\u00e3o, conflitos familiares ou crises de f\u00e9.<\/p>\n\n\n\n<p>Desde a uma confid\u00eancia ou a um desabafo, um conselho com uma palavra amiga, um olhar carinhoso, motivos de f\u00e9 e de esperan\u00e7a. Acolher e ouvir as pessoas em situa\u00e7\u00e3o de maior sofrimento ou necessidade.<\/p>\n\n\n\n<p>Um servi\u00e7o gratuito e dispon\u00edvel a qualquer pessoa, independentemente da sua condi\u00e7\u00e3o social ou religi\u00e3o. Escuta e acompanhamento espiritual \u00e0 luz da palavra de Deus e da f\u00e9 da Igreja Cat\u00f3lica, com sigilo e privacidade.<\/p>\n\n\n\n<p class=\"has-black-color has-text-color\">Para marcar: viana@carmelitas.pt<\/p>\n","protected":false},"excerpt":{"rendered":"<p>Tri\u00e9nio 2023 &#8211; 2026 Frei Nuno PereiraFrei Agostinho CastroFrei Silvino FilipeFrei Marco CaldasDispon\u00edveis para escuta e acompanhamento Espiritual O ser escutado \u00e9 uma necessidade hoje,<\/p>\n","protected":false},"author":1,"featured_media":0,"parent":0,"menu_order":0,"comment_status":"closed","ping_status":"closed","template":"","meta":{"footnotes":""},"class_list":["post-9","page","type-page","status-publish","hentry"],"_links":{"self":[{"href":"https:\/\/viana.carmelitas.pt\/index.php?rest_route=\/wp\/v2\/pages\/9","targetHints":{"allow":["GET"]}}],"collection":[{"href":"https:\/\/viana.carmelitas.pt\/index.php?rest_route=\/wp\/v2\/pages"}],"about":[{"href":"https:\/\/viana.carmelitas.pt\/index.php?rest_route=\/wp\/v2\/types\/page"}],"author":[{"embeddable":true,"href":"https:\/\/viana.carmelitas.pt\/index.php?rest_route=\/wp\/v2\/users\/1"}],"replies":[{"embeddable":true,"href":"https:\/\/viana.carmelitas.pt\/index.php?rest_route=%2Fwp%2Fv2%2Fcomments&post=9"}],"version-history":[{"count":13,"href":"https:\/\/viana.carmelitas.pt\/index.php?rest_route=\/wp\/v2\/pages\/9\/revisions"}],"predecessor-version":[{"id":1528,"href":"https:\/\/viana.carmelitas.pt\/index.php?rest_route=\/wp\/v2\/pages\/9\/revisions\/1528"}],"wp:attachment":[{"href":"https:\/\/viana.carmelitas.pt\/index.php?rest_route=%2Fwp%2Fv2%2Fmedia&parent=9"}],"curies":[{"name":"wp","href":"https:\/\/api.w.org\/{rel}","templated":true}]}}